{"id":2,"date":"2021-01-26T09:52:18","date_gmt":"2021-01-26T08:52:18","guid":{"rendered":"http:\/\/roadbook.net\/?page_id=2"},"modified":"2021-01-26T09:52:18","modified_gmt":"2021-01-26T08:52:18","slug":"page-d-exemple","status":"publish","type":"page","link":"https:\/\/roadbook.net\/nl\/page-d-exemple\/","title":{"rendered":"Voorbeeld pagina"},"content":{"rendered":"<p>Dit is een voorbeeldpagina. Het is anders dan een blogbericht omdat het op dezelfde plaats blijft staan en in de navigatie van uw site verschijnt (in de meeste thema's). De meeste mensen beginnen met een \"Over\" pagina die hen voorstelt aan de bezoekers van de site. Het zou er ongeveer zo uit kunnen zien:<\/p>\n\n\n\n<blockquote class=\"wp-block-quote is-layout-flow wp-block-quote-is-layout-flow\"><p>Hallo ! Ik ben een monteur die acteur wil worden, en dit is mijn site. Ik woon in Bordeaux, ik heb een geweldige hond die Russell heet, en ik ben dol op wodka (en ook op de plotselinge regen tijdens lange strandwandelingen bij zonsondergang).<\/p><\/blockquote>\n\n\n\n<p>...of zoiets:<\/p>\n\n\n\n<blockquote class=\"wp-block-quote is-layout-flow wp-block-quote-is-layout-flow\"><p>123 Machin Truc werd opgericht in 1971 en biedt sindsdien machine-artikelen van hoge kwaliteit aan het publiek aan. 123 Machin Truc, gevestigd in Saint-Remy-en-Bouzemont-Saint-Genest-et-Isson, heeft 2.000 mensen in dienst en vervaardigt allerlei geweldige dingen voor de gemeenschap van Bouzemont.<\/p><\/blockquote>\n\n\n\n<p>Als nieuwe WordPress gebruiker, moet u gaan naar <a href=\"http:\/\/roadbook.net\/wp-admin\/\">je dashboard<\/a> om deze pagina te verwijderen en nieuwe pagina's te maken voor uw inhoud. Veel plezier!<\/p>","protected":false},"excerpt":{"rendered":"<p>Ceci est une page d\u2019exemple. C\u2019est diff\u00e9rent d\u2019un article de blog parce qu\u2019elle restera au m\u00eame endroit et appara\u00eetra dans la navigation de votre site (dans la plupart des th\u00e8mes). La plupart des gens commencent par une page \u00ab\u00a0\u00c0 propos\u00a0\u00bb qui les pr\u00e9sente aux visiteurs du site. Cela pourrait ressembler \u00e0 quelque chose comme cela\u00a0: [&hellip;]<\/p>\n","protected":false},"author":1,"featured_media":0,"parent":0,"menu_order":0,"comment_status":"closed","ping_status":"open","template":"","meta":{"footnotes":""},"class_list":["post-2","page","type-page","status-publish","hentry"],"_links":{"self":[{"href":"https:\/\/roadbook.net\/nl\/wp-json\/wp\/v2\/pages\/2","targetHints":{"allow":["GET"]}}],"collection":[{"href":"https:\/\/roadbook.net\/nl\/wp-json\/wp\/v2\/pages"}],"about":[{"href":"https:\/\/roadbook.net\/nl\/wp-json\/wp\/v2\/types\/page"}],"author":[{"embeddable":true,"href":"https:\/\/roadbook.net\/nl\/wp-json\/wp\/v2\/users\/1"}],"replies":[{"embeddable":true,"href":"https:\/\/roadbook.net\/nl\/wp-json\/wp\/v2\/comments?post=2"}],"version-history":[{"count":0,"href":"https:\/\/roadbook.net\/nl\/wp-json\/wp\/v2\/pages\/2\/revisions"}],"wp:attachment":[{"href":"https:\/\/roadbook.net\/nl\/wp-json\/wp\/v2\/media?parent=2"}],"curies":[{"name":"wp","href":"https:\/\/api.w.org\/{rel}","templated":true}]}}