{"id":1334,"date":"2023-01-18T10:33:19","date_gmt":"2023-01-18T09:33:19","guid":{"rendered":"https:\/\/roadbook.net\/?page_id=1334"},"modified":"2023-02-22T22:22:02","modified_gmt":"2023-02-22T21:22:02","slug":"news","status":"publish","type":"page","link":"https:\/\/roadbook.net\/en\/news\/","title":{"rendered":"Road News"},"content":{"rendered":"<div data-elementor-type=\"wp-page\" data-elementor-id=\"1334\" class=\"elementor elementor-1334\" data-elementor-post-type=\"page\">\n\t\t\t\t\t\t<section class=\"elementor-section elementor-top-section elementor-element elementor-element-55e48c6 elementor-section-boxed elementor-section-height-default elementor-section-height-default\" data-id=\"55e48c6\" data-element_type=\"section\" data-e-type=\"section\" data-settings=\"{&quot;background_background&quot;:&quot;classic&quot;}\">\n\t\t\t\t\t\t\t<div class=\"elementor-background-overlay\"><\/div>\n\t\t\t\t\t\t\t<div class=\"elementor-container elementor-column-gap-default\">\n\t\t\t\t\t<div class=\"elementor-column elementor-col-100 elementor-top-column elementor-element elementor-element-d0b9e0a\" data-id=\"d0b9e0a\" data-element_type=\"column\" data-e-type=\"column\">\n\t\t\t<div class=\"elementor-widget-wrap elementor-element-populated\">\n\t\t\t\t\t\t<div class=\"elementor-element elementor-element-9afa803 elementor-widget elementor-widget-heading\" data-id=\"9afa803\" data-element_type=\"widget\" data-e-type=\"widget\" data-widget_type=\"heading.default\">\n\t\t\t\t<div class=\"elementor-widget-container\">\n\t\t\t\t\t<h2 class=\"elementor-heading-title elementor-size-default\">Road News<\/h2>\t\t\t\t<\/div>\n\t\t\t\t<\/div>\n\t\t\t\t\t<\/div>\n\t\t<\/div>\n\t\t\t\t\t<\/div>\n\t\t<\/section>\n\t\t\t\t<section class=\"elementor-section elementor-top-section elementor-element elementor-element-b553431 elementor-section-boxed elementor-section-height-default elementor-section-height-default\" data-id=\"b553431\" data-element_type=\"section\" data-e-type=\"section\">\n\t\t\t\t\t\t<div class=\"elementor-container elementor-column-gap-default\">\n\t\t\t\t\t<div class=\"elementor-column elementor-col-100 elementor-top-column elementor-element elementor-element-205f213\" data-id=\"205f213\" data-element_type=\"column\" data-e-type=\"column\">\n\t\t\t<div class=\"elementor-widget-wrap elementor-element-populated\">\n\t\t\t\t\t\t<div class=\"elementor-element elementor-element-0c8cc3a elementor-grid-eael-col-3 elementor-grid-tablet-eael-col-2 elementor-grid-mobile-eael-col-1 elementor-widget elementor-widget-eael-post-grid\" data-id=\"0c8cc3a\" data-element_type=\"widget\" data-e-type=\"widget\" data-settings=\"{&quot;eael_post_grid_columns&quot;:&quot;eael-col-3&quot;,&quot;eael_post_grid_columns_tablet&quot;:&quot;eael-col-2&quot;,&quot;eael_post_grid_columns_mobile&quot;:&quot;eael-col-1&quot;}\" data-widget_type=\"eael-post-grid.default\">\n\t\t\t\t<div class=\"elementor-widget-container\">\n\t\t\t\t\t<div id=\"eael-post-grid-0c8cc3a\" class=\"eael-post-grid-container\">\n            <div class=\"eael-post-grid eael-post-appender eael-post-appender-0c8cc3a eael-post-grid-style-one\" data-layout-mode=\"grid\"><article class=\"eael-grid-post  eael-post-grid-column eael-pg-post-1837 category-spa-open-pitlane-spasixhours-spasummerclassic-superspa\" data-id=\"1837\">\n        <div class=\"eael-grid-post-holder\">\n            <div class=\"eael-grid-post-holder-inner\"><div class=\"eael-entry-media\"><div class=\"eael-entry-overlay none\"><i class=\"fas fa-long-arrow-alt-right\" aria-hidden=\"true\"><\/i><a href=\"https:\/\/roadbook.net\/en\/2025\/03\/11\/the-art-of-history-check-out-the-posters-of-our-2025-meetings\/\"><\/a><\/div><div class=\"eael-entry-thumbnail eael-image-ratio\">\n                <img fetchpriority=\"high\" decoding=\"async\" width=\"2000\" height=\"1500\" src=\"https:\/\/roadbook.net\/wp-content\/uploads\/2025\/03\/SPASIXHOURS2025_Poster_A4_Mockup.webp\" class=\"attachment-full size-full wp-image-1839\" alt=\"\" srcset=\"https:\/\/roadbook.net\/wp-content\/uploads\/2025\/03\/SPASIXHOURS2025_Poster_A4_Mockup.webp 2000w, https:\/\/roadbook.net\/wp-content\/uploads\/2025\/03\/SPASIXHOURS2025_Poster_A4_Mockup-300x225.webp 300w, https:\/\/roadbook.net\/wp-content\/uploads\/2025\/03\/SPASIXHOURS2025_Poster_A4_Mockup-1024x768.webp 1024w, https:\/\/roadbook.net\/wp-content\/uploads\/2025\/03\/SPASIXHOURS2025_Poster_A4_Mockup-768x576.webp 768w, https:\/\/roadbook.net\/wp-content\/uploads\/2025\/03\/SPASIXHOURS2025_Poster_A4_Mockup-1536x1152.webp 1536w, https:\/\/roadbook.net\/wp-content\/uploads\/2025\/03\/SPASIXHOURS2025_Poster_A4_Mockup-16x12.webp 16w\" sizes=\"(max-width: 2000px) 100vw, 2000px\" \/>\n            <\/div>\n        <\/div><div class=\"eael-entry-wrapper\"><header class=\"eael-entry-header\"><h2 class=\"eael-entry-title\"><a class=\"eael-grid-post-link\" href=\"https:\/\/roadbook.net\/en\/2025\/03\/11\/the-art-of-history-check-out-the-posters-of-our-2025-meetings\/\" title=\"The Art of History: here are the posters for Roadbook events in 2025\">The Art of History: here are the posters for Roadbook events in 2025<\/a><\/h2><\/header><div class=\"eael-entry-content\">\n                        <div class=\"eael-grid-post-excerpt\"><a href=\"https:\/\/roadbook.net\/en\/2025\/03\/11\/the-art-of-history-check-out-the-posters-of-our-2025-meetings\/\" class=\"eael-post-elements-readmore-btn\">Read more<\/a><\/div>\n                    <\/div><div class=\"eael-entry-footer\"><div class=\"eael-entry-meta\"><span class=\"eael-posted-on\"><time datetime=\"11 March 2025\">11 March 2025<\/time><\/span><\/div><\/div><\/div><\/div>\n        <\/div>\n    <\/article><article class=\"eael-grid-post  eael-post-grid-column eael-pg-post-1803 category-spasixhours\" data-id=\"1803\">\n        <div class=\"eael-grid-post-holder\">\n            <div class=\"eael-grid-post-holder-inner\"><div class=\"eael-entry-media\"><div class=\"eael-entry-overlay none\"><i class=\"fas fa-long-arrow-alt-right\" aria-hidden=\"true\"><\/i><a href=\"https:\/\/roadbook.net\/en\/2024\/12\/19\/roadbook-le-pere-noel-et-un-gt40-pour-vous-souhaiter-le-meilleur-pour-2020\/\"><\/a><\/div><div class=\"eael-entry-thumbnail eael-image-ratio\">\n                <img decoding=\"async\" width=\"1500\" height=\"841\" src=\"https:\/\/roadbook.net\/wp-content\/uploads\/2024\/12\/Capture-decran-2024-12-18-a-18.57.27.jpg\" class=\"attachment-full size-full wp-image-1804\" alt=\"\" srcset=\"https:\/\/roadbook.net\/wp-content\/uploads\/2024\/12\/Capture-decran-2024-12-18-a-18.57.27.jpg 1500w, https:\/\/roadbook.net\/wp-content\/uploads\/2024\/12\/Capture-decran-2024-12-18-a-18.57.27-300x168.jpg 300w, https:\/\/roadbook.net\/wp-content\/uploads\/2024\/12\/Capture-decran-2024-12-18-a-18.57.27-1024x574.jpg 1024w, https:\/\/roadbook.net\/wp-content\/uploads\/2024\/12\/Capture-decran-2024-12-18-a-18.57.27-768x431.jpg 768w, https:\/\/roadbook.net\/wp-content\/uploads\/2024\/12\/Capture-decran-2024-12-18-a-18.57.27-18x10.jpg 18w\" sizes=\"(max-width: 1500px) 100vw, 1500px\" \/>\n            <\/div>\n        <\/div><div class=\"eael-entry-wrapper\"><header class=\"eael-entry-header\"><h2 class=\"eael-entry-title\"><a class=\"eael-grid-post-link\" href=\"https:\/\/roadbook.net\/en\/2024\/12\/19\/roadbook-le-pere-noel-et-un-gt40-pour-vous-souhaiter-le-meilleur-pour-2020\/\" title=\"Roadbook, le P\u00e8re No\u00ebl et un GT40 pour vous souhaiter le meilleur pour 2025\">Roadbook, le P\u00e8re No\u00ebl et un GT40 pour vous souhaiter le meilleur pour 2025<\/a><\/h2><\/header><div class=\"eael-entry-content\">\n                        <div class=\"eael-grid-post-excerpt\"><a href=\"https:\/\/roadbook.net\/en\/2024\/12\/19\/roadbook-le-pere-noel-et-un-gt40-pour-vous-souhaiter-le-meilleur-pour-2020\/\" class=\"eael-post-elements-readmore-btn\">Read more<\/a><\/div>\n                    <\/div><div class=\"eael-entry-footer\"><div class=\"eael-entry-meta\"><span class=\"eael-posted-on\"><time datetime=\"19 December 2024\">19 December 2024<\/time><\/span><\/div><\/div><\/div><\/div>\n        <\/div>\n    <\/article><article class=\"eael-grid-post  eael-post-grid-column eael-pg-post-1772 category-spasixhours\" data-id=\"1772\">\n        <div class=\"eael-grid-post-holder\">\n            <div class=\"eael-grid-post-holder-inner\"><div class=\"eael-entry-media\"><div class=\"eael-entry-overlay none\"><i class=\"fas fa-long-arrow-alt-right\" aria-hidden=\"true\"><\/i><a href=\"https:\/\/roadbook.net\/en\/2024\/11\/08\/en-route-vers-2025-les-dates-de-levenement-roadbook-sont-confirmees\/\"><\/a><\/div><div class=\"eael-entry-thumbnail eael-image-ratio\">\n                <img decoding=\"async\" width=\"2000\" height=\"1125\" src=\"https:\/\/roadbook.net\/wp-content\/uploads\/2024\/11\/241110-Roadbook-annonce-dates.webp\" class=\"attachment-full size-full wp-image-1773\" alt=\"\" srcset=\"https:\/\/roadbook.net\/wp-content\/uploads\/2024\/11\/241110-Roadbook-annonce-dates.webp 2000w, https:\/\/roadbook.net\/wp-content\/uploads\/2024\/11\/241110-Roadbook-annonce-dates-300x169.webp 300w, https:\/\/roadbook.net\/wp-content\/uploads\/2024\/11\/241110-Roadbook-annonce-dates-1024x576.webp 1024w, https:\/\/roadbook.net\/wp-content\/uploads\/2024\/11\/241110-Roadbook-annonce-dates-768x432.webp 768w, https:\/\/roadbook.net\/wp-content\/uploads\/2024\/11\/241110-Roadbook-annonce-dates-1536x864.webp 1536w, https:\/\/roadbook.net\/wp-content\/uploads\/2024\/11\/241110-Roadbook-annonce-dates-18x10.webp 18w\" sizes=\"(max-width: 2000px) 100vw, 2000px\" \/>\n            <\/div>\n        <\/div><div class=\"eael-entry-wrapper\"><header class=\"eael-entry-header\"><h2 class=\"eael-entry-title\"><a class=\"eael-grid-post-link\" href=\"https:\/\/roadbook.net\/en\/2024\/11\/08\/en-route-vers-2025-les-dates-de-levenement-roadbook-sont-confirmees\/\" title=\"En route vers 2025 : Les dates de l&rsquo;\u00e9v\u00e9nement Roadbook sont confirm\u00e9es !\">On the road to 2025: Roadbook event dates confirmed!<\/a><\/h2><\/header><div class=\"eael-entry-content\">\n                        <div class=\"eael-grid-post-excerpt\"><a href=\"https:\/\/roadbook.net\/en\/2024\/11\/08\/en-route-vers-2025-les-dates-de-levenement-roadbook-sont-confirmees\/\" class=\"eael-post-elements-readmore-btn\">Read more<\/a><\/div>\n                    <\/div><div class=\"eael-entry-footer\"><div class=\"eael-entry-meta\"><span class=\"eael-posted-on\"><time datetime=\"8 November 2024\">8 November 2024<\/time><\/span><\/div><\/div><\/div><\/div>\n        <\/div>\n    <\/article><article class=\"eael-grid-post  eael-post-grid-column eael-pg-post-1718 category-spasixhours\" data-id=\"1718\">\n        <div class=\"eael-grid-post-holder\">\n            <div class=\"eael-grid-post-holder-inner\"><div class=\"eael-entry-media\"><div class=\"eael-entry-overlay none\"><i class=\"fas fa-long-arrow-alt-right\" aria-hidden=\"true\"><\/i><a href=\"https:\/\/roadbook.net\/en\/2023\/12\/22\/roadbook-vous-souhaite-ses-meilleurs-voeux-avec-ce-mini-film-de-noel\/\"><\/a><\/div><div class=\"eael-entry-thumbnail eael-image-ratio\">\n                <img loading=\"lazy\" decoding=\"async\" width=\"1920\" height=\"1080\" src=\"https:\/\/roadbook.net\/wp-content\/uploads\/2023\/12\/thumb.jpg\" class=\"attachment-full size-full wp-image-1719\" alt=\"\" srcset=\"https:\/\/roadbook.net\/wp-content\/uploads\/2023\/12\/thumb.jpg 1920w, https:\/\/roadbook.net\/wp-content\/uploads\/2023\/12\/thumb-300x169.jpg 300w, https:\/\/roadbook.net\/wp-content\/uploads\/2023\/12\/thumb-1024x576.jpg 1024w, https:\/\/roadbook.net\/wp-content\/uploads\/2023\/12\/thumb-768x432.jpg 768w, https:\/\/roadbook.net\/wp-content\/uploads\/2023\/12\/thumb-1536x864.jpg 1536w, https:\/\/roadbook.net\/wp-content\/uploads\/2023\/12\/thumb-18x10.jpg 18w\" sizes=\"(max-width: 1920px) 100vw, 1920px\" \/>\n            <\/div>\n        <\/div><div class=\"eael-entry-wrapper\"><header class=\"eael-entry-header\"><h2 class=\"eael-entry-title\"><a class=\"eael-grid-post-link\" href=\"https:\/\/roadbook.net\/en\/2023\/12\/22\/roadbook-vous-souhaite-ses-meilleurs-voeux-avec-ce-mini-film-de-noel\/\" title=\"Roadbook wishes you all the best with this Christmas mini-film\">Roadbook wishes you all the best with this Christmas mini-film<\/a><\/h2><\/header><div class=\"eael-entry-content\">\n                        <div class=\"eael-grid-post-excerpt\"><a href=\"https:\/\/roadbook.net\/en\/2023\/12\/22\/roadbook-vous-souhaite-ses-meilleurs-voeux-avec-ce-mini-film-de-noel\/\" class=\"eael-post-elements-readmore-btn\">Read more<\/a><\/div>\n                    <\/div><div class=\"eael-entry-footer\"><div class=\"eael-entry-meta\"><span class=\"eael-posted-on\"><time datetime=\"22 December 2023\">22 December 2023<\/time><\/span><\/div><\/div><\/div><\/div>\n        <\/div>\n    <\/article><article class=\"eael-grid-post  eael-post-grid-column eael-pg-post-1656 category-spasixhours\" data-id=\"1656\">\n        <div class=\"eael-grid-post-holder\">\n            <div class=\"eael-grid-post-holder-inner\"><div class=\"eael-entry-media\"><div class=\"eael-entry-overlay none\"><i class=\"fas fa-long-arrow-alt-right\" aria-hidden=\"true\"><\/i><a href=\"https:\/\/roadbook.net\/en\/2023\/08\/25\/decouvrez-les-tresors-de-lofficial-shop-des-spa-six-hours\/\"><\/a><\/div><div class=\"eael-entry-thumbnail eael-image-ratio\">\n                <img loading=\"lazy\" decoding=\"async\" width=\"2560\" height=\"1844\" src=\"https:\/\/roadbook.net\/wp-content\/uploads\/2023\/08\/2-1--scaled.jpg\" class=\"attachment-full size-full wp-image-1657\" alt=\"\" srcset=\"https:\/\/roadbook.net\/wp-content\/uploads\/2023\/08\/2-1--scaled.jpg 2560w, https:\/\/roadbook.net\/wp-content\/uploads\/2023\/08\/2-1--300x216.jpg 300w, https:\/\/roadbook.net\/wp-content\/uploads\/2023\/08\/2-1--1024x738.jpg 1024w, https:\/\/roadbook.net\/wp-content\/uploads\/2023\/08\/2-1--768x553.jpg 768w, https:\/\/roadbook.net\/wp-content\/uploads\/2023\/08\/2-1--1536x1107.jpg 1536w, https:\/\/roadbook.net\/wp-content\/uploads\/2023\/08\/2-1--2048x1476.jpg 2048w, https:\/\/roadbook.net\/wp-content\/uploads\/2023\/08\/2-1--18x12.jpg 18w\" sizes=\"(max-width: 2560px) 100vw, 2560px\" \/>\n            <\/div>\n        <\/div><div class=\"eael-entry-wrapper\"><header class=\"eael-entry-header\"><h2 class=\"eael-entry-title\"><a class=\"eael-grid-post-link\" href=\"https:\/\/roadbook.net\/en\/2023\/08\/25\/decouvrez-les-tresors-de-lofficial-shop-des-spa-six-hours\/\" title=\"D\u00e9couvrez les tr\u00e9sors de l&rsquo;Official Shop des Spa Six Hours !\">Discover the treasures of the Spa Six Hours Official Shop!<\/a><\/h2><\/header><div class=\"eael-entry-content\">\n                        <div class=\"eael-grid-post-excerpt\"><a href=\"https:\/\/roadbook.net\/en\/2023\/08\/25\/decouvrez-les-tresors-de-lofficial-shop-des-spa-six-hours\/\" class=\"eael-post-elements-readmore-btn\">Read more<\/a><\/div>\n                    <\/div><div class=\"eael-entry-footer\"><div class=\"eael-entry-meta\"><span class=\"eael-posted-on\"><time datetime=\"25 August 2023\">25 August 2023<\/time><\/span><\/div><\/div><\/div><\/div>\n        <\/div>\n    <\/article><article class=\"eael-grid-post  eael-post-grid-column eael-pg-post-1650 category-spasixhours\" data-id=\"1650\">\n        <div class=\"eael-grid-post-holder\">\n            <div class=\"eael-grid-post-holder-inner\"><div class=\"eael-entry-media\"><div class=\"eael-entry-overlay none\"><i class=\"fas fa-long-arrow-alt-right\" aria-hidden=\"true\"><\/i><a href=\"https:\/\/roadbook.net\/en\/2023\/08\/18\/celebrer-lauthenticite-et-lhistoire-avec-la-serie-pre-war-sports-car\/\"><\/a><\/div><div class=\"eael-entry-thumbnail eael-image-ratio\">\n                <img loading=\"lazy\" decoding=\"async\" width=\"1920\" height=\"1280\" src=\"https:\/\/roadbook.net\/wp-content\/uploads\/2023\/08\/SSH2022_Jeudi_05.webp\" class=\"attachment-full size-full wp-image-1651\" alt=\"\" srcset=\"https:\/\/roadbook.net\/wp-content\/uploads\/2023\/08\/SSH2022_Jeudi_05.webp 1920w, https:\/\/roadbook.net\/wp-content\/uploads\/2023\/08\/SSH2022_Jeudi_05-300x200.webp 300w, https:\/\/roadbook.net\/wp-content\/uploads\/2023\/08\/SSH2022_Jeudi_05-1024x683.webp 1024w, https:\/\/roadbook.net\/wp-content\/uploads\/2023\/08\/SSH2022_Jeudi_05-768x512.webp 768w, https:\/\/roadbook.net\/wp-content\/uploads\/2023\/08\/SSH2022_Jeudi_05-1536x1024.webp 1536w, https:\/\/roadbook.net\/wp-content\/uploads\/2023\/08\/SSH2022_Jeudi_05-18x12.webp 18w\" sizes=\"(max-width: 1920px) 100vw, 1920px\" \/>\n            <\/div>\n        <\/div><div class=\"eael-entry-wrapper\"><header class=\"eael-entry-header\"><h2 class=\"eael-entry-title\"><a class=\"eael-grid-post-link\" href=\"https:\/\/roadbook.net\/en\/2023\/08\/18\/celebrer-lauthenticite-et-lhistoire-avec-la-serie-pre-war-sports-car\/\" title=\"C\u00e9l\u00e9brer l&rsquo;authenticit\u00e9 et l&rsquo;histoire avec la s\u00e9rie Pre-War Sports Car\">Celebrating Authenticity and History with the Pre-War Sports Car Series<\/a><\/h2><\/header><div class=\"eael-entry-content\">\n                        <div class=\"eael-grid-post-excerpt\"><a href=\"https:\/\/roadbook.net\/en\/2023\/08\/18\/celebrer-lauthenticite-et-lhistoire-avec-la-serie-pre-war-sports-car\/\" class=\"eael-post-elements-readmore-btn\">Read more<\/a><\/div>\n                    <\/div><div class=\"eael-entry-footer\"><div class=\"eael-entry-meta\"><span class=\"eael-posted-on\"><time datetime=\"18 August 2023\">18 August 2023<\/time><\/span><\/div><\/div><\/div><\/div>\n        <\/div>\n    <\/article><\/div>\n            <div class=\"clearfix\"><\/div>\n        <\/div>            <div class=\"eael-load-more-button-wrap\">\n                <button class=\"eael-load-more-button\" id=\"eael-load-more-btn-0c8cc3a\" data-widget-id=\"0c8cc3a\" data-widget=\"0c8cc3a\" data-page-id=\"1334\" data-template=\"{&quot;dir&quot;:&quot;lite&quot;,&quot;file_name&quot;:&quot;one.php&quot;,&quot;name&quot;:&quot;Post-Grid&quot;}\" data-class=\"Essential_Addons_Elementor\\Elements\\Post_Grid\" data-layout=\"grid\" data-page=\"1\" data-args=\"orderby=date&amp;order=desc&amp;ignore_sticky_posts=1&amp;post_status=publish&amp;posts_per_page=6&amp;offset=0&amp;post_type=post\" data-max-page=\"5\">\n                    <span class=\"eael-btn-loader button__loader\"><\/span>\n                    <span class=\"eael_load_more_text\">Voir plus de news<\/span>\n                <\/button>\n            <\/div>\n            \t\t\t\t<\/div>\n\t\t\t\t<\/div>\n\t\t\t\t\t<\/div>\n\t\t<\/div>\n\t\t\t\t\t<\/div>\n\t\t<\/section>\n\t\t\t\t<\/div>","protected":false},"excerpt":{"rendered":"<p>Road News Meilleurs voeux 2023 Lire l&rsquo;article 22 d\u00e9cembre 2022 R\u00e9servez d\u00e8s maintenant votre temps de piste au \u00ab&nbsp;Spa Open Pitlane&nbsp;\u00bb Lire l&rsquo;article 13 d\u00e9cembre 2022 Spa Six Hours \u2013 The Sound Of History 30 YEARS ANNIVERSARY \ud83c\udfce\ufe0f Lire l&rsquo;article 30 novembre 2022 SAVE THE DATES 2023! Lire l&rsquo;article 31 octobre 2022 Spa Six Hours [&hellip;]<\/p>\n","protected":false},"author":4,"featured_media":1246,"parent":0,"menu_order":0,"comment_status":"closed","ping_status":"closed","template":"elementor_header_footer","meta":{"footnotes":""},"class_list":["post-1334","page","type-page","status-publish","has-post-thumbnail","hentry"],"_links":{"self":[{"href":"https:\/\/roadbook.net\/en\/wp-json\/wp\/v2\/pages\/1334","targetHints":{"allow":["GET"]}}],"collection":[{"href":"https:\/\/roadbook.net\/en\/wp-json\/wp\/v2\/pages"}],"about":[{"href":"https:\/\/roadbook.net\/en\/wp-json\/wp\/v2\/types\/page"}],"author":[{"embeddable":true,"href":"https:\/\/roadbook.net\/en\/wp-json\/wp\/v2\/users\/4"}],"replies":[{"embeddable":true,"href":"https:\/\/roadbook.net\/en\/wp-json\/wp\/v2\/comments?post=1334"}],"version-history":[{"count":21,"href":"https:\/\/roadbook.net\/en\/wp-json\/wp\/v2\/pages\/1334\/revisions"}],"predecessor-version":[{"id":1457,"href":"https:\/\/roadbook.net\/en\/wp-json\/wp\/v2\/pages\/1334\/revisions\/1457"}],"wp:featuredmedia":[{"embeddable":true,"href":"https:\/\/roadbook.net\/en\/wp-json\/wp\/v2\/media\/1246"}],"wp:attachment":[{"href":"https:\/\/roadbook.net\/en\/wp-json\/wp\/v2\/media?parent=1334"}],"curies":[{"name":"wp","href":"https:\/\/api.w.org\/{rel}","templated":true}]}}