{"id":2,"date":"2021-01-26T09:52:18","date_gmt":"2021-01-26T08:52:18","guid":{"rendered":"http:\/\/roadbook.net\/?page_id=2"},"modified":"2021-01-26T09:52:18","modified_gmt":"2021-01-26T08:52:18","slug":"page-d-exemple","status":"publish","type":"page","link":"https:\/\/roadbook.net\/de\/page-d-exemple\/","title":{"rendered":"Beispielseite"},"content":{"rendered":"<p>Dies ist eine Beispielseite. Er unterscheidet sich von einem Blogbeitrag, weil er an der gleichen Stelle bleibt und in der Navigation Ihrer Website erscheint (in den meisten Themes). Die meisten Menschen beginnen mit einer \"\u00dcber\"-Seite, die sie den Besuchern der Website vorstellt. Das k\u00f6nnte in etwa so aussehen:<\/p>\n\n\n\n<blockquote class=\"wp-block-quote is-layout-flow wp-block-quote-is-layout-flow\"><p>Hallo ! Ich bin ein Mechaniker, der Schauspieler werden will, und dies ist meine Website. Ich lebe in Bordeaux, habe einen tollen Hund namens Russell und liebe Wodka (sowie die \u00dcberraschung durch pl\u00f6tzlichen Regen bei langen Spazierg\u00e4ngen am Strand bei Sonnenuntergang).<\/p><\/blockquote>\n\n\n\n<p>...oder so \u00e4hnlich:<\/p>\n\n\n\n<blockquote class=\"wp-block-quote is-layout-flow wp-block-quote-is-layout-flow\"><p>123 Machin Truc wurde 1971 gegr\u00fcndet und bietet seither der \u00d6ffentlichkeit Qualit\u00e4tsger\u00e4te an. Mit Sitz in Saint-Remy-en-Bouzemont-Saint-Genest-et-Isson besch\u00e4ftigt 123 Machin Truc 2.000 Mitarbeiter und stellt alle m\u00f6glichen coolen Sachen f\u00fcr die Gemeinde Bouzemont her.<\/p><\/blockquote>\n\n\n\n<p>Als neuer Benutzer von WordPress sollten Sie zu <a href=\"http:\/\/roadbook.net\/wp-admin\/\">Ihr Armaturenbrett<\/a> um diese Seite zu l\u00f6schen und neue Seiten f\u00fcr Ihren Inhalt zu erstellen. Viel Spa\u00df!<\/p>","protected":false},"excerpt":{"rendered":"<p>Ceci est une page d\u2019exemple. C\u2019est diff\u00e9rent d\u2019un article de blog parce qu\u2019elle restera au m\u00eame endroit et appara\u00eetra dans la navigation de votre site (dans la plupart des th\u00e8mes). La plupart des gens commencent par une page \u00ab\u00a0\u00c0 propos\u00a0\u00bb qui les pr\u00e9sente aux visiteurs du site. Cela pourrait ressembler \u00e0 quelque chose comme cela\u00a0: [&hellip;]<\/p>\n","protected":false},"author":1,"featured_media":0,"parent":0,"menu_order":0,"comment_status":"closed","ping_status":"open","template":"","meta":{"footnotes":""},"class_list":["post-2","page","type-page","status-publish","hentry"],"_links":{"self":[{"href":"https:\/\/roadbook.net\/de\/wp-json\/wp\/v2\/pages\/2","targetHints":{"allow":["GET"]}}],"collection":[{"href":"https:\/\/roadbook.net\/de\/wp-json\/wp\/v2\/pages"}],"about":[{"href":"https:\/\/roadbook.net\/de\/wp-json\/wp\/v2\/types\/page"}],"author":[{"embeddable":true,"href":"https:\/\/roadbook.net\/de\/wp-json\/wp\/v2\/users\/1"}],"replies":[{"embeddable":true,"href":"https:\/\/roadbook.net\/de\/wp-json\/wp\/v2\/comments?post=2"}],"version-history":[{"count":0,"href":"https:\/\/roadbook.net\/de\/wp-json\/wp\/v2\/pages\/2\/revisions"}],"wp:attachment":[{"href":"https:\/\/roadbook.net\/de\/wp-json\/wp\/v2\/media?parent=2"}],"curies":[{"name":"wp","href":"https:\/\/api.w.org\/{rel}","templated":true}]}}